{"id":345,"date":"2017-08-14T16:38:15","date_gmt":"2017-08-14T16:38:15","guid":{"rendered":"http:\/\/www.pelz.cl\/sitio\/?page_id=345"},"modified":"2026-02-16T05:11:37","modified_gmt":"2026-02-16T05:11:37","slug":"clubes-y-colegios","status":"publish","type":"page","link":"https:\/\/www.pelz.cl\/sitio\/clubes-y-colegios\/","title":{"rendered":"Ramas Deportivas"},"content":{"rendered":"<table border=\"0\" width=\"600\" cellspacing=\"0\">\n<tbody>\n<tr>\n<td style=\"text-align: center;\">\n<h2><span class=\"uppercase\" style=\"text-align: center;\">CLUBES<\/span><\/h2>\n<\/td>\n<td style=\"text-align: center;\">\n<h2><span class=\"uppercase\" style=\"text-align: center;\">COLEGIO<\/span><\/h2>\n<\/td>\n<\/tr>\n<\/tbody>\n<\/table>\n<table border=\"0\" width=\"600\" cellspacing=\"0\">\n<tbody>\n<tr>\n<td width=\"300\"><a href=\"https:\/\/www.pelz.cl\/sitio\/club-deportivo-aleman-de-concepcion\/\">Club Deportivo Alem\u00e1n de Concepci\u00f3n<\/a><\/td>\n<td width=\"200\">Colegio Aleman de Santiago<\/td>\n<\/tr>\n<tr>\n<td>Club Umag Punta Arenas<\/td>\n<td>Colegio San Ignasio de Alonso Ovalle<\/td>\n<\/tr>\n<tr>\n<td><a href=\"http:\/\/www.pelz.cl\/sitio\/club-olimpico-san-pedro-de-la-paz\/\">Club Ol\u00edmpico San Pedro de la Paz<\/a><\/td>\n<td>SSCC de Vi\u00f1a del Mar<\/td>\n<\/tr>\n<tr>\n<td><a href=\"http:\/\/www.pelz.cl\/sitio\/club-santa-maria-de-los-angeles\/\">Club Santa Maria de los \u00c1ngeles<\/a><\/td>\n<td>Colegio Instituto Ingles de Rancagua<\/td>\n<\/tr>\n<tr>\n<td><a href=\"https:\/\/www.pelz.cl\/sitio\/club-deportivo-olimpo-de-los-rios\/\">Club Deportivo Olimpo de los Rios<\/a><\/td>\n<td>Colegio San Benito<\/td>\n<\/tr>\n<tr>\n<td><a href=\"http:\/\/www.pelz.cl\/sitio\/club-jenniffer-moreno\/\">Club Jenniffer Moreno<\/a><\/td>\n<td><a href=\"http:\/\/www.pelz.cl\/sitio\/colegio-aleman-de-valparaiso\/\">Colegio Alem\u00e1n de Valparaiso<\/a><\/td>\n<\/tr>\n<tr>\n<td>Club Gymliser<\/td>\n<td>Colegio Santa Cruz de Unco<\/td>\n<\/tr>\n<tr>\n<td>Club Luis Pichon<\/td>\n<td>Colegio ISM<\/td>\n<\/tr>\n<tr>\n<td>Club gimnasia Artist\u00edca de Concepci\u00f3n<\/td>\n<td><a href=\"http:\/\/www.pelz.cl\/sitio\/colegio-santa-cruz-de-unco\" target=\"_blank\" rel=\"noopener\">Colegio Santa Cruz de Unco<\/a><\/td>\n<\/tr>\n<tr>\n<td>Club Newenkelen de Huechuraba<\/td>\n<td>Colegio Santa Cruz de Chicureo<\/td>\n<\/tr>\n<tr>\n<td>Club Degipa<\/td>\n<td><a href=\"http:\/\/www.pelz.cl\/sitio\/instituto-ingles-de-rancagua\/\">Instituto Ingl\u00e9s de Rancagua<\/a><\/td>\n<\/tr>\n<tr>\n<td>Club Olimpico de Constitucion<\/td>\n<td><a href=\"http:\/\/www.pelz.cl\/sitio\/colegio-santa-cruz-de-unco\" target=\"_blank\" rel=\"noopener\">Colegio Santa Cruz de Unco<\/a><\/td>\n<\/tr>\n<tr>\n<td>\u00a0<\/td>\n<td>Colegio San Anselmo<\/td>\n<\/tr>\n<tr>\n<td>\u00a0<\/td>\n<td><a href=\"http:\/\/www.pelz.cl\/sitio\/the-southern-cross-school\/\">The Southern Cross School<\/a><\/td>\n<\/tr>\n<tr>\n<td>\u00a0<\/td>\n<td>\u00a0<\/td>\n<\/tr>\n<tr>\n<td>\u00a0<\/td>\n<td>\u00a0<\/td>\n<\/tr>\n<tr>\n<td>\u00a0<\/td>\n<td>\u00a0<\/td>\n<\/tr>\n<tr>\n<td>\u00a0<\/td>\n<td>\u00a0<\/td>\n<\/tr>\n<\/tbody>\n<\/table>\n<p><\/p>\n<p><\/p>\n<h3>\u00a0<\/h3>","protected":false},"excerpt":{"rendered":"<p>CLUBES COLEGIO Club Deportivo Alem\u00e1n de Concepci\u00f3n Colegio Aleman de Santiago Club Umag Punta Arenas Colegio San Ignasio de Alonso Ovalle Club Ol\u00edmpico San Pedro de la Paz SSCC de Vi\u00f1a del Mar Club Santa Maria de los \u00c1ngeles Colegio Instituto Ingles de Rancagua Club Deportivo Olimpo de los Rios Colegio San Benito Club Jenniffer [&hellip;]\n","protected":false},"author":1,"featured_media":0,"parent":0,"menu_order":0,"comment_status":"closed","ping_status":"closed","template":"","meta":[],"_links":{"self":[{"href":"https:\/\/www.pelz.cl\/sitio\/wp-json\/wp\/v2\/pages\/345"}],"collection":[{"href":"https:\/\/www.pelz.cl\/sitio\/wp-json\/wp\/v2\/pages"}],"about":[{"href":"https:\/\/www.pelz.cl\/sitio\/wp-json\/wp\/v2\/types\/page"}],"author":[{"embeddable":true,"href":"https:\/\/www.pelz.cl\/sitio\/wp-json\/wp\/v2\/users\/1"}],"replies":[{"embeddable":true,"href":"https:\/\/www.pelz.cl\/sitio\/wp-json\/wp\/v2\/comments?post=345"}],"version-history":[{"count":132,"href":"https:\/\/www.pelz.cl\/sitio\/wp-json\/wp\/v2\/pages\/345\/revisions"}],"predecessor-version":[{"id":10484,"href":"https:\/\/www.pelz.cl\/sitio\/wp-json\/wp\/v2\/pages\/345\/revisions\/10484"}],"wp:attachment":[{"href":"https:\/\/www.pelz.cl\/sitio\/wp-json\/wp\/v2\/media?parent=345"}],"curies":[{"name":"wp","href":"https:\/\/api.w.org\/{rel}","templated":true}]}}