{"id":407,"date":"2017-08-17T22:58:26","date_gmt":"2017-08-17T22:58:26","guid":{"rendered":"http:\/\/www.pelz.cl\/sitio\/?page_id=407"},"modified":"2021-04-21T04:36:02","modified_gmt":"2021-04-21T04:36:02","slug":"como-cuido-mi-prenda","status":"publish","type":"page","link":"https:\/\/www.pelz.cl\/sitio\/como-cuido-mi-prenda\/","title":{"rendered":"\u00bfC\u00f3mo cuido mi prenda?"},"content":{"rendered":"<h1 style=\"text-align: center;\"><span style=\"font-size: 85%;\">\u00bfC\u00f3mo cuido mi prenda?<\/span><\/h1>\n<p>\u201cEl sol, el agua de mar, el cloro, los bronceadores, son factores que agreden la tela de nuestros trajes de ba\u00f1o, perdiendo su color y textura.\u00bb<\/p>\n<p>Es por ello que debemos considerar las instrucciones de cuidado y as\u00ed lograremos mantenerlos intactos por m\u00e1s tiempo.<\/p>\n<ul>\n<li>Enjuaga tu traje de ba\u00f1o despu\u00e9s de cada uso.<\/li>\n<li>No remojar.<\/li>\n<li>No clorar.<\/li>\n<li>No escobillar.<\/li>\n<li>Lavar con detergente suave.<\/li>\n<li>No colgar al sol.<\/li>\n<li>No usar secadora. Colgar en \u00e1rea sombreada y bien ventilada. Esto evitar\u00e1 que el agua se acumule y estire las fibras.<\/li>\n<li>Las mallas con cristales y adornos se deben lavar a mano con agua fr\u00eda utilizando detergente suave.<\/li>\n<li>No retorcer las prendas.<\/li>\n<li>No planchar. El calor puede derretir y \/o decolorar los delicados tejidos de nuestras prendas. El calor excesivo tambi\u00e9n puede debilitar los adhesivos utilizados para fijar los adornos a la prenda y hacer que se caigan.<\/li>\n<\/ul>\n","protected":false},"excerpt":{"rendered":"<p>\u00bfC\u00f3mo cuido mi prenda? \u201cEl sol, el agua de mar, el cloro, los bronceadores, son factores que agreden la tela de nuestros trajes de ba\u00f1o, perdiendo su color y textura.\u00bb Es por ello que debemos considerar las instrucciones de cuidado y as\u00ed lograremos mantenerlos intactos por m\u00e1s tiempo. Enjuaga tu traje de ba\u00f1o despu\u00e9s de [&hellip;]\n","protected":false},"author":1,"featured_media":0,"parent":0,"menu_order":0,"comment_status":"closed","ping_status":"closed","template":"","meta":[],"_links":{"self":[{"href":"https:\/\/www.pelz.cl\/sitio\/wp-json\/wp\/v2\/pages\/407"}],"collection":[{"href":"https:\/\/www.pelz.cl\/sitio\/wp-json\/wp\/v2\/pages"}],"about":[{"href":"https:\/\/www.pelz.cl\/sitio\/wp-json\/wp\/v2\/types\/page"}],"author":[{"embeddable":true,"href":"https:\/\/www.pelz.cl\/sitio\/wp-json\/wp\/v2\/users\/1"}],"replies":[{"embeddable":true,"href":"https:\/\/www.pelz.cl\/sitio\/wp-json\/wp\/v2\/comments?post=407"}],"version-history":[{"count":6,"href":"https:\/\/www.pelz.cl\/sitio\/wp-json\/wp\/v2\/pages\/407\/revisions"}],"predecessor-version":[{"id":6345,"href":"https:\/\/www.pelz.cl\/sitio\/wp-json\/wp\/v2\/pages\/407\/revisions\/6345"}],"wp:attachment":[{"href":"https:\/\/www.pelz.cl\/sitio\/wp-json\/wp\/v2\/media?parent=407"}],"curies":[{"name":"wp","href":"https:\/\/api.w.org\/{rel}","templated":true}]}}