{"id":1029,"date":"2017-08-22T20:15:51","date_gmt":"2017-08-22T20:15:51","guid":{"rendered":"http:\/\/www.pelz.cl\/sitio\/?post_type=product&#038;p=1029"},"modified":"2019-04-10T02:33:00","modified_gmt":"2019-04-10T02:33:00","slug":"malla-12","status":"publish","type":"product","link":"https:\/\/www.pelz.cl\/sitio\/producto\/malla-12\/","title":{"rendered":"Malla"},"content":{"rendered":"<ul>\n<li>Malla en lycra mystique a 3 colores,con aplicaciones.<\/li>\n<li>Tela: lycra mystique.<\/li>\n<li>Composici\u00f3n: 80% nylon, 20% spandex.<\/li>\n<li>lavar suavemente ,sin remojar,con detergente suave.<\/li>\n<\/ul>\n<p>Nota: Esas mallas no se encuentran en stock.Tiempo estimado de entrega 15 d\u00edas h\u00e1biles como tiempo m\u00e1ximo de entrega.<\/p>\n","protected":false},"excerpt":{"rendered":"<p>Malla en lycra mystique a 3 colores,con aplicaciones. Tela: lycra mystique. Composici\u00f3n: 80% nylon, 20% spandex. lavar suavemente ,sin remojar,con detergente suave. Nota: Esas mallas no se encuentran en stock.Tiempo estimado de entrega 15 d\u00edas h\u00e1biles como tiempo m\u00e1ximo de entrega.<\/p>\n","protected":false},"featured_media":0,"template":"","meta":[],"product_cat":[98],"product_tag":[],"_links":{"self":[{"href":"https:\/\/www.pelz.cl\/sitio\/wp-json\/wp\/v2\/product\/1029"}],"collection":[{"href":"https:\/\/www.pelz.cl\/sitio\/wp-json\/wp\/v2\/product"}],"about":[{"href":"https:\/\/www.pelz.cl\/sitio\/wp-json\/wp\/v2\/types\/product"}],"wp:attachment":[{"href":"https:\/\/www.pelz.cl\/sitio\/wp-json\/wp\/v2\/media?parent=1029"}],"wp:term":[{"taxonomy":"product_cat","embeddable":true,"href":"https:\/\/www.pelz.cl\/sitio\/wp-json\/wp\/v2\/product_cat?post=1029"},{"taxonomy":"product_tag","embeddable":true,"href":"https:\/\/www.pelz.cl\/sitio\/wp-json\/wp\/v2\/product_tag?post=1029"}],"curies":[{"name":"wp","href":"https:\/\/api.w.org\/{rel}","templated":true}]}}