{"id":1035,"date":"2017-08-22T20:29:32","date_gmt":"2017-08-22T20:29:32","guid":{"rendered":"http:\/\/www.pelz.cl\/sitio\/?post_type=product&#038;p=1035"},"modified":"2026-02-15T23:13:26","modified_gmt":"2026-02-15T23:13:26","slug":"buzo-deportivo-jenniffer-moreno","status":"publish","type":"product","link":"https:\/\/www.pelz.cl\/sitio\/producto\/buzo-deportivo-jenniffer-moreno\/","title":{"rendered":"Buzo deportivo Jenniffer Moreno"},"content":{"rendered":"<ul>\n<li>Chaqueta para ni\u00f1a, bicolor con adornos en lycra mystique, entallada con 2 estampados del club.<\/li>\n<li>Pantalon srech dri-fit recto.<\/li>\n<li>Modelo de hombre y de mujer.<\/li>\n<li>Tela: Franela polycotton Dri-Fit<\/li>\n<li>Composici\u00f3n: 50% algod\u00f3n, 50% poli\u00e9ster.<\/li>\n<li>Tiempo estimado de entrega 15 d\u00edas h\u00e1biles aproximadamente.<\/li>\n<li>Consultas al +569 96767651.<\/li>\n<\/ul>\n","protected":false},"excerpt":{"rendered":"<p>Chaqueta para ni\u00f1a, bicolor con adornos en lycra mystique, entallada con 2 estampados del club. Pantalon srech dri-fit recto. Modelo de hombre y de mujer. Tela: Franela polycotton Dri-Fit Composici\u00f3n: 50% algod\u00f3n, 50% poli\u00e9ster. Tiempo estimado de entrega 15 d\u00edas h\u00e1biles aproximadamente. Consultas al +569 96767651.<\/p>\n","protected":false},"featured_media":5301,"template":"","meta":[],"product_cat":[185],"product_tag":[],"_links":{"self":[{"href":"https:\/\/www.pelz.cl\/sitio\/wp-json\/wp\/v2\/product\/1035"}],"collection":[{"href":"https:\/\/www.pelz.cl\/sitio\/wp-json\/wp\/v2\/product"}],"about":[{"href":"https:\/\/www.pelz.cl\/sitio\/wp-json\/wp\/v2\/types\/product"}],"wp:featuredmedia":[{"embeddable":true,"href":"https:\/\/www.pelz.cl\/sitio\/wp-json\/wp\/v2\/media\/5301"}],"wp:attachment":[{"href":"https:\/\/www.pelz.cl\/sitio\/wp-json\/wp\/v2\/media?parent=1035"}],"wp:term":[{"taxonomy":"product_cat","embeddable":true,"href":"https:\/\/www.pelz.cl\/sitio\/wp-json\/wp\/v2\/product_cat?post=1035"},{"taxonomy":"product_tag","embeddable":true,"href":"https:\/\/www.pelz.cl\/sitio\/wp-json\/wp\/v2\/product_tag?post=1035"}],"curies":[{"name":"wp","href":"https:\/\/api.w.org\/{rel}","templated":true}]}}