{"id":10576,"date":"2026-03-20T20:38:50","date_gmt":"2026-03-20T20:38:50","guid":{"rendered":"https:\/\/www.pelz.cl\/sitio\/?post_type=product&#038;p=10576"},"modified":"2026-04-14T19:20:25","modified_gmt":"2026-04-14T19:20:25","slug":"malla-colegio-aleman-de-chillan","status":"publish","type":"product","link":"https:\/\/www.pelz.cl\/sitio\/producto\/malla-colegio-aleman-de-chillan\/","title":{"rendered":"Malla Colegio Alem\u00e1n de Chillan"},"content":{"rendered":"<p>-Malla Cuello V, con mangas sublimadas en malla de lycra.<\/p>\n<p>-Cuerpo en lycra mystique.<\/p>\n<p>-Con 200 cristales.<\/p>\n<p>-Tela: lycra, lycra mystique.<br \/>\nComposici\u00f3n: 80% nylon, 20% spandex.<\/p>\n<p>Nota: Tiempo estimado de entrega\u00a0 20\u00a0 d\u00edas h\u00e1biles aproximadamente.<\/p>\n<p>Consultas al WhatsApp\u00a0 +569 96767651.<\/p>\n<p>-Prenda delicada-lavar por separado-en agua fr\u00eda.<\/p>\n<p>-No lavar con agua caliente-no centrifugar-no estrujar.<\/p>\n","protected":false},"excerpt":{"rendered":"<p>Esta malla tiene un tiempo de fabricaci\u00f3n de 20 d\u00edas h\u00e1biles.<\/p>\n","protected":false},"featured_media":10715,"template":"","meta":[],"product_cat":[523,19,92],"product_tag":[],"_links":{"self":[{"href":"https:\/\/www.pelz.cl\/sitio\/wp-json\/wp\/v2\/product\/10576"}],"collection":[{"href":"https:\/\/www.pelz.cl\/sitio\/wp-json\/wp\/v2\/product"}],"about":[{"href":"https:\/\/www.pelz.cl\/sitio\/wp-json\/wp\/v2\/types\/product"}],"wp:featuredmedia":[{"embeddable":true,"href":"https:\/\/www.pelz.cl\/sitio\/wp-json\/wp\/v2\/media\/10715"}],"wp:attachment":[{"href":"https:\/\/www.pelz.cl\/sitio\/wp-json\/wp\/v2\/media?parent=10576"}],"wp:term":[{"taxonomy":"product_cat","embeddable":true,"href":"https:\/\/www.pelz.cl\/sitio\/wp-json\/wp\/v2\/product_cat?post=10576"},{"taxonomy":"product_tag","embeddable":true,"href":"https:\/\/www.pelz.cl\/sitio\/wp-json\/wp\/v2\/product_tag?post=10576"}],"curies":[{"name":"wp","href":"https:\/\/api.w.org\/{rel}","templated":true}]}}