{"id":1062,"date":"2017-08-22T21:36:52","date_gmt":"2017-08-22T21:36:52","guid":{"rendered":"http:\/\/www.pelz.cl\/sitio\/?post_type=product&#038;p=1062"},"modified":"2024-04-22T03:41:51","modified_gmt":"2024-04-22T03:41:51","slug":"malla-18","status":"publish","type":"product","link":"https:\/\/www.pelz.cl\/sitio\/producto\/malla-18\/","title":{"rendered":"Malla"},"content":{"rendered":"<ul>\n<li>Malla manga larga combinada, con aplicaciones y cristales amarillos.<\/li>\n<li>Tela: lycra, lycra mystique.<\/li>\n<li>Composici\u00f3n: 80% nylon, 20% spandex.<\/li>\n<\/ul>\n<p>Nota: Tiempo estimado de entrega 15 d\u00edas h\u00e1biles aproximadamente.<\/p>\n","protected":false},"excerpt":{"rendered":"<p>Malla manga larga combinada, con aplicaciones y cristales amarillos. Tela: lycra, lycra mystique. Composici\u00f3n: 80% nylon, 20% spandex. Nota: Tiempo estimado de entrega 15 d\u00edas h\u00e1biles aproximadamente.<\/p>\n","protected":false},"featured_media":1064,"template":"","meta":[],"product_cat":[524,21,92,216],"product_tag":[],"_links":{"self":[{"href":"https:\/\/www.pelz.cl\/sitio\/wp-json\/wp\/v2\/product\/1062"}],"collection":[{"href":"https:\/\/www.pelz.cl\/sitio\/wp-json\/wp\/v2\/product"}],"about":[{"href":"https:\/\/www.pelz.cl\/sitio\/wp-json\/wp\/v2\/types\/product"}],"wp:featuredmedia":[{"embeddable":true,"href":"https:\/\/www.pelz.cl\/sitio\/wp-json\/wp\/v2\/media\/1064"}],"wp:attachment":[{"href":"https:\/\/www.pelz.cl\/sitio\/wp-json\/wp\/v2\/media?parent=1062"}],"wp:term":[{"taxonomy":"product_cat","embeddable":true,"href":"https:\/\/www.pelz.cl\/sitio\/wp-json\/wp\/v2\/product_cat?post=1062"},{"taxonomy":"product_tag","embeddable":true,"href":"https:\/\/www.pelz.cl\/sitio\/wp-json\/wp\/v2\/product_tag?post=1062"}],"curies":[{"name":"wp","href":"https:\/\/api.w.org\/{rel}","templated":true}]}}