{"id":1065,"date":"2017-08-22T21:44:31","date_gmt":"2017-08-22T21:44:31","guid":{"rendered":"http:\/\/www.pelz.cl\/sitio\/?post_type=product&#038;p=1065"},"modified":"2022-01-31T19:44:58","modified_gmt":"2022-01-31T19:44:58","slug":"malla-gimnasia-artistica-club-aleman-de-la-serena-collet","status":"publish","type":"product","link":"https:\/\/www.pelz.cl\/sitio\/producto\/malla-gimnasia-artistica-club-aleman-de-la-serena-collet\/","title":{"rendered":"Malla Gimnasia Art\u00edstica Club Alem\u00e1n de la Serena + Collet"},"content":{"rendered":"<ul>\n<li>Malla para gimnasia art\u00edstica, sin manga, sublimada con m\u00e1ndalas\u00a0 y con aplicaci\u00f3n de 300 cristales.<\/li>\n<li>Collet sublimado mas 12 cristales<\/li>\n<li>Tela: lycra SUBLIMADA.<\/li>\n<li>Composici\u00f3n: 80% polyester, 20% spandex.<\/li>\n<li>Nota: Tiempo estimado de entrega 15 d\u00edas h\u00e1biles aproximadamente.Preguntas al WhatsApp +56 2 22041860Pago con Transferencia bancaria: Banco de ChileCuenta corriente 160-51577-07Maria Pelz \/ Rut: 8.725.789-4ventaspelz@gmail.com<\/li>\n<\/ul>\n","protected":false},"excerpt":{"rendered":"<p>Malla para gimnasia art\u00edstica, sin manga, sublimada con m\u00e1ndalas\u00a0 y con aplicaci\u00f3n de 300 cristales. Collet sublimado mas 12 cristales Tela: lycra SUBLIMADA. Composici\u00f3n: 80% polyester, 20% spandex. Nota: Tiempo estimado de entrega 15 d\u00edas h\u00e1biles aproximadamente.Preguntas al WhatsApp +56 2 22041860Pago con Transferencia bancaria: Banco de ChileCuenta corriente 160-51577-07Maria Pelz \/ Rut: 8.725.789-4ventaspelz@gmail.com<\/p>\n","protected":false},"featured_media":6571,"template":"","meta":[],"product_cat":[98],"product_tag":[],"_links":{"self":[{"href":"https:\/\/www.pelz.cl\/sitio\/wp-json\/wp\/v2\/product\/1065"}],"collection":[{"href":"https:\/\/www.pelz.cl\/sitio\/wp-json\/wp\/v2\/product"}],"about":[{"href":"https:\/\/www.pelz.cl\/sitio\/wp-json\/wp\/v2\/types\/product"}],"wp:featuredmedia":[{"embeddable":true,"href":"https:\/\/www.pelz.cl\/sitio\/wp-json\/wp\/v2\/media\/6571"}],"wp:attachment":[{"href":"https:\/\/www.pelz.cl\/sitio\/wp-json\/wp\/v2\/media?parent=1065"}],"wp:term":[{"taxonomy":"product_cat","embeddable":true,"href":"https:\/\/www.pelz.cl\/sitio\/wp-json\/wp\/v2\/product_cat?post=1065"},{"taxonomy":"product_tag","embeddable":true,"href":"https:\/\/www.pelz.cl\/sitio\/wp-json\/wp\/v2\/product_tag?post=1065"}],"curies":[{"name":"wp","href":"https:\/\/api.w.org\/{rel}","templated":true}]}}