{"id":1202,"date":"2017-08-23T19:15:22","date_gmt":"2017-08-23T19:15:22","guid":{"rendered":"http:\/\/www.pelz.cl\/sitio\/?post_type=product&#038;p=1202"},"modified":"2017-11-06T16:18:44","modified_gmt":"2017-11-06T16:18:44","slug":"polera-hombre","status":"publish","type":"product","link":"https:\/\/www.pelz.cl\/sitio\/producto\/polera-hombre\/","title":{"rendered":"Polera"},"content":{"rendered":"<ul>\n<li>Polera de hombre o de mujer deportiva dri-fit con costura plana.<\/li>\n<li>Tela: dri-fit<\/li>\n<li>Composici\u00f3n: 100% poliester.<\/li>\n<\/ul>\n<p>Nota: Tiempo estimado de entrega 15 d\u00edas h\u00e1biles aproximadamente.<\/p>\n","protected":false},"excerpt":{"rendered":"<p>Polera de hombre o de mujer deportiva dri-fit con costura plana. Tela: dri-fit Composici\u00f3n: 100% poliester. Nota: Tiempo estimado de entrega 15 d\u00edas h\u00e1biles aproximadamente.<\/p>\n","protected":false},"featured_media":1204,"template":"","meta":[],"product_cat":[98],"product_tag":[],"_links":{"self":[{"href":"https:\/\/www.pelz.cl\/sitio\/wp-json\/wp\/v2\/product\/1202"}],"collection":[{"href":"https:\/\/www.pelz.cl\/sitio\/wp-json\/wp\/v2\/product"}],"about":[{"href":"https:\/\/www.pelz.cl\/sitio\/wp-json\/wp\/v2\/types\/product"}],"wp:featuredmedia":[{"embeddable":true,"href":"https:\/\/www.pelz.cl\/sitio\/wp-json\/wp\/v2\/media\/1204"}],"wp:attachment":[{"href":"https:\/\/www.pelz.cl\/sitio\/wp-json\/wp\/v2\/media?parent=1202"}],"wp:term":[{"taxonomy":"product_cat","embeddable":true,"href":"https:\/\/www.pelz.cl\/sitio\/wp-json\/wp\/v2\/product_cat?post=1202"},{"taxonomy":"product_tag","embeddable":true,"href":"https:\/\/www.pelz.cl\/sitio\/wp-json\/wp\/v2\/product_tag?post=1202"}],"curies":[{"name":"wp","href":"https:\/\/api.w.org\/{rel}","templated":true}]}}