{"id":1236,"date":"2017-08-24T15:30:01","date_gmt":"2017-08-24T15:30:01","guid":{"rendered":"http:\/\/www.pelz.cl\/sitio\/?post_type=product&#038;p=1236"},"modified":"2017-11-06T16:19:02","modified_gmt":"2017-11-06T16:19:02","slug":"buzo-completo-hombre","status":"publish","type":"product","link":"https:\/\/www.pelz.cl\/sitio\/producto\/buzo-completo-hombre\/","title":{"rendered":"Buzo completo"},"content":{"rendered":"<ul>\n<li>Buzo de hombre o de mujer con 2 estampados, pantalon de buzo recto.<\/li>\n<li>Tela: polycotton.<\/li>\n<li>Composici\u00f3n: 50% algod\u00f3n, 50% poli\u00e9ster.<\/li>\n<\/ul>\n<p>Nota: Tiempo estimado de entrega 15 d\u00edas h\u00e1biles aproximadamente.<\/p>\n","protected":false},"excerpt":{"rendered":"<p>Buzo de hombre o de mujer con 2 estampados, pantalon de buzo recto. Tela: polycotton. Composici\u00f3n: 50% algod\u00f3n, 50% poli\u00e9ster. Nota: Tiempo estimado de entrega 15 d\u00edas h\u00e1biles aproximadamente.<\/p>\n","protected":false},"featured_media":2959,"template":"","meta":[],"product_cat":[98],"product_tag":[],"_links":{"self":[{"href":"https:\/\/www.pelz.cl\/sitio\/wp-json\/wp\/v2\/product\/1236"}],"collection":[{"href":"https:\/\/www.pelz.cl\/sitio\/wp-json\/wp\/v2\/product"}],"about":[{"href":"https:\/\/www.pelz.cl\/sitio\/wp-json\/wp\/v2\/types\/product"}],"wp:featuredmedia":[{"embeddable":true,"href":"https:\/\/www.pelz.cl\/sitio\/wp-json\/wp\/v2\/media\/2959"}],"wp:attachment":[{"href":"https:\/\/www.pelz.cl\/sitio\/wp-json\/wp\/v2\/media?parent=1236"}],"wp:term":[{"taxonomy":"product_cat","embeddable":true,"href":"https:\/\/www.pelz.cl\/sitio\/wp-json\/wp\/v2\/product_cat?post=1236"},{"taxonomy":"product_tag","embeddable":true,"href":"https:\/\/www.pelz.cl\/sitio\/wp-json\/wp\/v2\/product_tag?post=1236"}],"curies":[{"name":"wp","href":"https:\/\/api.w.org\/{rel}","templated":true}]}}