{"id":1568,"date":"2017-10-02T19:16:29","date_gmt":"2017-10-02T19:16:29","guid":{"rendered":"http:\/\/www.pelz.cl\/sitio\/?post_type=product&#038;p=1568"},"modified":"2025-02-13T15:43:53","modified_gmt":"2025-02-13T15:43:53","slug":"zunga-nino","status":"publish","type":"product","link":"https:\/\/www.pelz.cl\/sitio\/producto\/zunga-nino\/","title":{"rendered":"Zunga ni\u00f1o"},"content":{"rendered":"<ul>\n<li><span class=\"catchline\">Traje de ba\u00f1o para ni\u00f1o, ofrece una buena libertad de movimientos as\u00ed como una buena adaptaci\u00f3n corporal.<\/span><\/li>\n<li>Tela: lycra<\/li>\n<li>Composici\u00f3n: 80% poli\u00e9ster, 20% elastano.<\/li>\n<\/ul>\n","protected":false},"excerpt":{"rendered":"<p>Traje de ba\u00f1o para ni\u00f1o, ofrece una buena libertad de movimientos as\u00ed como una buena adaptaci\u00f3n corporal. Tela: lycra Composici\u00f3n: 80% poli\u00e9ster, 20% elastano.<\/p>\n","protected":false},"featured_media":1578,"template":"","meta":[],"product_cat":[16,30],"product_tag":[],"_links":{"self":[{"href":"https:\/\/www.pelz.cl\/sitio\/wp-json\/wp\/v2\/product\/1568"}],"collection":[{"href":"https:\/\/www.pelz.cl\/sitio\/wp-json\/wp\/v2\/product"}],"about":[{"href":"https:\/\/www.pelz.cl\/sitio\/wp-json\/wp\/v2\/types\/product"}],"wp:featuredmedia":[{"embeddable":true,"href":"https:\/\/www.pelz.cl\/sitio\/wp-json\/wp\/v2\/media\/1578"}],"wp:attachment":[{"href":"https:\/\/www.pelz.cl\/sitio\/wp-json\/wp\/v2\/media?parent=1568"}],"wp:term":[{"taxonomy":"product_cat","embeddable":true,"href":"https:\/\/www.pelz.cl\/sitio\/wp-json\/wp\/v2\/product_cat?post=1568"},{"taxonomy":"product_tag","embeddable":true,"href":"https:\/\/www.pelz.cl\/sitio\/wp-json\/wp\/v2\/product_tag?post=1568"}],"curies":[{"name":"wp","href":"https:\/\/api.w.org\/{rel}","templated":true}]}}