{"id":1715,"date":"2017-10-06T14:17:22","date_gmt":"2017-10-06T14:17:22","guid":{"rendered":"http:\/\/www.pelz.cl\/sitio\/?post_type=product&#038;p=1715"},"modified":"2019-01-11T20:37:36","modified_gmt":"2019-01-11T20:37:36","slug":"sosten-caro-y-push-up","status":"publish","type":"product","link":"https:\/\/www.pelz.cl\/sitio\/producto\/sosten-caro-y-push-up\/","title":{"rendered":"Traje de ba\u00f1o laguna con transparencias"},"content":{"rendered":"<ul>\n<li>Traje de ba\u00f1o con forro completo.<\/li>\n<li>Tela: lycra<\/li>\n<li>Composici\u00f3n: 80% poli\u00e9ster, 20% elastano.<\/li>\n<\/ul>\n","protected":false},"excerpt":{"rendered":"<p>Traje de ba\u00f1o con forro completo. Tela: lycra Composici\u00f3n: 80% poli\u00e9ster, 20% elastano.<\/p>\n","protected":false},"featured_media":3977,"template":"","meta":[],"product_cat":[238,239],"product_tag":[],"_links":{"self":[{"href":"https:\/\/www.pelz.cl\/sitio\/wp-json\/wp\/v2\/product\/1715"}],"collection":[{"href":"https:\/\/www.pelz.cl\/sitio\/wp-json\/wp\/v2\/product"}],"about":[{"href":"https:\/\/www.pelz.cl\/sitio\/wp-json\/wp\/v2\/types\/product"}],"wp:featuredmedia":[{"embeddable":true,"href":"https:\/\/www.pelz.cl\/sitio\/wp-json\/wp\/v2\/media\/3977"}],"wp:attachment":[{"href":"https:\/\/www.pelz.cl\/sitio\/wp-json\/wp\/v2\/media?parent=1715"}],"wp:term":[{"taxonomy":"product_cat","embeddable":true,"href":"https:\/\/www.pelz.cl\/sitio\/wp-json\/wp\/v2\/product_cat?post=1715"},{"taxonomy":"product_tag","embeddable":true,"href":"https:\/\/www.pelz.cl\/sitio\/wp-json\/wp\/v2\/product_tag?post=1715"}],"curies":[{"name":"wp","href":"https:\/\/api.w.org\/{rel}","templated":true}]}}