{"id":2622,"date":"2017-10-20T19:16:14","date_gmt":"2017-10-20T19:16:14","guid":{"rendered":"http:\/\/www.pelz.cl\/sitio\/?post_type=product&#038;p=2622"},"modified":"2023-03-09T17:39:45","modified_gmt":"2023-03-09T17:39:45","slug":"malla-masculina","status":"publish","type":"product","link":"https:\/\/www.pelz.cl\/sitio\/producto\/malla-masculina\/","title":{"rendered":"Malla masculina combinada"},"content":{"rendered":"<ul>\n<li>Malla deportiva masculina.<\/li>\n<li>Tela: lycra.<\/li>\n<li>Composici\u00f3n: 80% poli\u00e9ster, 20% elastano.<\/li>\n<li>Lavar con jab\u00f3n suave y agua tibia.<\/li>\n<li>Se puede mandar a hacer en colores personalizados.<\/li>\n<\/ul>\n","protected":false},"excerpt":{"rendered":"<p>Malla deportiva masculina. Tela: lycra. Composici\u00f3n: 80% poli\u00e9ster, 20% elastano. Lavar con jab\u00f3n suave y agua tibia. Se puede mandar a hacer en colores personalizados.<\/p>\n","protected":false},"featured_media":0,"template":"","meta":[],"product_cat":[524],"product_tag":[447,367,414,366,453,443,359,423,438],"_links":{"self":[{"href":"https:\/\/www.pelz.cl\/sitio\/wp-json\/wp\/v2\/product\/2622"}],"collection":[{"href":"https:\/\/www.pelz.cl\/sitio\/wp-json\/wp\/v2\/product"}],"about":[{"href":"https:\/\/www.pelz.cl\/sitio\/wp-json\/wp\/v2\/types\/product"}],"wp:attachment":[{"href":"https:\/\/www.pelz.cl\/sitio\/wp-json\/wp\/v2\/media?parent=2622"}],"wp:term":[{"taxonomy":"product_cat","embeddable":true,"href":"https:\/\/www.pelz.cl\/sitio\/wp-json\/wp\/v2\/product_cat?post=2622"},{"taxonomy":"product_tag","embeddable":true,"href":"https:\/\/www.pelz.cl\/sitio\/wp-json\/wp\/v2\/product_tag?post=2622"}],"curies":[{"name":"wp","href":"https:\/\/api.w.org\/{rel}","templated":true}]}}