{"id":3161,"date":"2018-06-26T00:16:19","date_gmt":"2018-06-26T00:16:19","guid":{"rendered":"http:\/\/www.pelz.cl\/sitio\/?post_type=product&#038;p=3161"},"modified":"2024-01-26T18:28:21","modified_gmt":"2024-01-26T18:28:21","slug":"traje-de-bano-para-equipos","status":"publish","type":"product","link":"https:\/\/www.pelz.cl\/sitio\/producto\/traje-de-bano-para-equipos\/","title":{"rendered":"Zunga"},"content":{"rendered":"<ul>\n<li><span class=\"catchline\">Traje de ba\u00f1o para deportes acuaticos.<\/span><\/li>\n<li>Tela: lycra<\/li>\n<li>Composici\u00f3n: 80% poli\u00e9ster, 20% elastano.<\/li>\n<li>Lee las instruciones de cuidado de las prendas en nuestra pagina.<\/li>\n<\/ul>\n","protected":false},"excerpt":{"rendered":"<p>Traje de ba\u00f1o para deportes acuaticos. Tela: lycra Composici\u00f3n: 80% poli\u00e9ster, 20% elastano. Lee las instruciones de cuidado de las prendas en nuestra pagina.<\/p>\n","protected":false},"featured_media":5033,"template":"","meta":[],"product_cat":[16,29],"product_tag":[],"_links":{"self":[{"href":"https:\/\/www.pelz.cl\/sitio\/wp-json\/wp\/v2\/product\/3161"}],"collection":[{"href":"https:\/\/www.pelz.cl\/sitio\/wp-json\/wp\/v2\/product"}],"about":[{"href":"https:\/\/www.pelz.cl\/sitio\/wp-json\/wp\/v2\/types\/product"}],"wp:featuredmedia":[{"embeddable":true,"href":"https:\/\/www.pelz.cl\/sitio\/wp-json\/wp\/v2\/media\/5033"}],"wp:attachment":[{"href":"https:\/\/www.pelz.cl\/sitio\/wp-json\/wp\/v2\/media?parent=3161"}],"wp:term":[{"taxonomy":"product_cat","embeddable":true,"href":"https:\/\/www.pelz.cl\/sitio\/wp-json\/wp\/v2\/product_cat?post=3161"},{"taxonomy":"product_tag","embeddable":true,"href":"https:\/\/www.pelz.cl\/sitio\/wp-json\/wp\/v2\/product_tag?post=3161"}],"curies":[{"name":"wp","href":"https:\/\/api.w.org\/{rel}","templated":true}]}}