{"id":3184,"date":"2017-11-07T14:58:14","date_gmt":"2017-11-07T14:58:14","guid":{"rendered":"http:\/\/www.pelz.cl\/sitio\/?post_type=product&#038;p=3184"},"modified":"2025-07-29T20:26:34","modified_gmt":"2025-07-29T20:26:35","slug":"traje-de-bano-circulo-nina","status":"publish","type":"product","link":"https:\/\/www.pelz.cl\/sitio\/producto\/traje-de-bano-circulo-nina\/","title":{"rendered":"Traje de ba\u00f1o circulo ni\u00f1a"},"content":{"rendered":"<ul>\n<li>Traje de ba\u00f1o con forro en la parte frontal.<\/li>\n<li>Tela: lycra.<\/li>\n<li>Composici\u00f3n: 80% poli\u00e9ster, 20% elastano.<\/li>\n<\/ul>\n","protected":false},"excerpt":{"rendered":"<p>Traje de ba\u00f1o con forro en la parte frontal. Tela: lycra. Composici\u00f3n: 80% poli\u00e9ster, 20% elastano.<\/p>\n","protected":false},"featured_media":3192,"template":"","meta":[],"product_cat":[16,30],"product_tag":[],"_links":{"self":[{"href":"https:\/\/www.pelz.cl\/sitio\/wp-json\/wp\/v2\/product\/3184"}],"collection":[{"href":"https:\/\/www.pelz.cl\/sitio\/wp-json\/wp\/v2\/product"}],"about":[{"href":"https:\/\/www.pelz.cl\/sitio\/wp-json\/wp\/v2\/types\/product"}],"wp:featuredmedia":[{"embeddable":true,"href":"https:\/\/www.pelz.cl\/sitio\/wp-json\/wp\/v2\/media\/3192"}],"wp:attachment":[{"href":"https:\/\/www.pelz.cl\/sitio\/wp-json\/wp\/v2\/media?parent=3184"}],"wp:term":[{"taxonomy":"product_cat","embeddable":true,"href":"https:\/\/www.pelz.cl\/sitio\/wp-json\/wp\/v2\/product_cat?post=3184"},{"taxonomy":"product_tag","embeddable":true,"href":"https:\/\/www.pelz.cl\/sitio\/wp-json\/wp\/v2\/product_tag?post=3184"}],"curies":[{"name":"wp","href":"https:\/\/api.w.org\/{rel}","templated":true}]}}