{"id":3377,"date":"2017-12-26T18:24:47","date_gmt":"2017-12-26T18:24:47","guid":{"rendered":"http:\/\/www.pelz.cl\/sitio\/?post_type=product&#038;p=3377"},"modified":"2024-08-01T23:56:22","modified_gmt":"2024-08-01T23:56:22","slug":"malla-zig-zag","status":"publish","type":"product","link":"https:\/\/www.pelz.cl\/sitio\/producto\/malla-zig-zag\/","title":{"rendered":"Malla Zig-Zag"},"content":{"rendered":"<ul>\n<li>Malla cuello redondo con aplicacion de 200 cristales.<\/li>\n<li>Tela: lycra mystique.<\/li>\n<li>Composici\u00f3n: 80% poli\u00e9ster, 20% elastano.<\/li>\n<li>Confirmar en tienda la disponibilidad de las tallas, si no esta se fabrica en un tiempo m\u00e1ximo de entrega en 15 d\u00edas h\u00e1biles<\/li>\n<li>(2)22041860<\/li>\n<\/ul>\n","protected":false},"excerpt":{"rendered":"<p>Esta malla tiene un tiempo de entrega de 15 dias h\u00e1biles,<\/p>\n","protected":false},"featured_media":4488,"template":"","meta":[],"product_cat":[19,92],"product_tag":[],"_links":{"self":[{"href":"https:\/\/www.pelz.cl\/sitio\/wp-json\/wp\/v2\/product\/3377"}],"collection":[{"href":"https:\/\/www.pelz.cl\/sitio\/wp-json\/wp\/v2\/product"}],"about":[{"href":"https:\/\/www.pelz.cl\/sitio\/wp-json\/wp\/v2\/types\/product"}],"wp:featuredmedia":[{"embeddable":true,"href":"https:\/\/www.pelz.cl\/sitio\/wp-json\/wp\/v2\/media\/4488"}],"wp:attachment":[{"href":"https:\/\/www.pelz.cl\/sitio\/wp-json\/wp\/v2\/media?parent=3377"}],"wp:term":[{"taxonomy":"product_cat","embeddable":true,"href":"https:\/\/www.pelz.cl\/sitio\/wp-json\/wp\/v2\/product_cat?post=3377"},{"taxonomy":"product_tag","embeddable":true,"href":"https:\/\/www.pelz.cl\/sitio\/wp-json\/wp\/v2\/product_tag?post=3377"}],"curies":[{"name":"wp","href":"https:\/\/api.w.org\/{rel}","templated":true}]}}