{"id":3516,"date":"2018-03-16T20:00:14","date_gmt":"2018-03-16T20:00:14","guid":{"rendered":"http:\/\/www.pelz.cl\/sitio\/?post_type=product&#038;p=3516"},"modified":"2018-03-16T20:53:25","modified_gmt":"2018-03-16T20:53:25","slug":"malla-gimnasia-ritmica-2","status":"publish","type":"product","link":"https:\/\/www.pelz.cl\/sitio\/producto\/malla-gimnasia-ritmica-2\/","title":{"rendered":"Malla gimnasia ritmica"},"content":{"rendered":"<p>Malla manga larga forrada, cuello cerrado con broche y gota con 62 cristales y transparencia.<br \/>\nTela: lycra mystique-lycra fantas\u00eda-mesh color nude.<br \/>\n80% poli\u00e9ster, 20% elastano.<\/p>\n<p>Nota: El Tiempo estimado de entrega es de 15 d\u00edas h\u00e1biles aproximadamente.<\/p>\n","protected":false},"excerpt":{"rendered":"<p>Malla manga larga forrada, cuello cerrado con broche y gota con 62 cristales y transparencia. Tela: lycra mystique-lycra fantas\u00eda-mesh color nude. 80% poli\u00e9ster, 20% elastano. Nota: El Tiempo estimado de entrega es de 15 d\u00edas h\u00e1biles aproximadamente.<\/p>\n","protected":false},"featured_media":3517,"template":"","meta":[],"product_cat":[77,87],"product_tag":[],"_links":{"self":[{"href":"https:\/\/www.pelz.cl\/sitio\/wp-json\/wp\/v2\/product\/3516"}],"collection":[{"href":"https:\/\/www.pelz.cl\/sitio\/wp-json\/wp\/v2\/product"}],"about":[{"href":"https:\/\/www.pelz.cl\/sitio\/wp-json\/wp\/v2\/types\/product"}],"wp:featuredmedia":[{"embeddable":true,"href":"https:\/\/www.pelz.cl\/sitio\/wp-json\/wp\/v2\/media\/3517"}],"wp:attachment":[{"href":"https:\/\/www.pelz.cl\/sitio\/wp-json\/wp\/v2\/media?parent=3516"}],"wp:term":[{"taxonomy":"product_cat","embeddable":true,"href":"https:\/\/www.pelz.cl\/sitio\/wp-json\/wp\/v2\/product_cat?post=3516"},{"taxonomy":"product_tag","embeddable":true,"href":"https:\/\/www.pelz.cl\/sitio\/wp-json\/wp\/v2\/product_tag?post=3516"}],"curies":[{"name":"wp","href":"https:\/\/api.w.org\/{rel}","templated":true}]}}