{"id":3546,"date":"2018-03-27T20:28:28","date_gmt":"2018-03-27T20:28:28","guid":{"rendered":"http:\/\/www.pelz.cl\/sitio\/?post_type=product&#038;p=3546"},"modified":"2024-04-21T12:24:21","modified_gmt":"2024-04-21T12:24:21","slug":"malla-sublimada-pelz-2","status":"publish","type":"product","link":"https:\/\/www.pelz.cl\/sitio\/producto\/malla-sublimada-pelz-2\/","title":{"rendered":"MALLA 814 NEGRO"},"content":{"rendered":"<p>Malla deportiva sublimada<br \/>\nTela: lycra.<br \/>\nComposici\u00f3n: 70% poli\u00e9ster nuevo, 10% poliester reciclado , 20% elastano.<\/p>\n<p>Nota: Tiempo estimado de entrega es de 15 d\u00edas h\u00e1biles aproximadamente.<\/p>\n<p>Podemos incluir logos institucionales, puedes cotizar via mail por cambio de colores, el mismo dise\u00f1o en modelo hotpants y compras mayoristas.<\/p>\n<p>.<\/p>\n","protected":false},"excerpt":{"rendered":"<p>Malla deportiva sublimada Tela: lycra. Composici\u00f3n: 70% poli\u00e9ster nuevo, 10% poliester reciclado , 20% elastano. Nota: Tiempo estimado de entrega es de 15 d\u00edas h\u00e1biles aproximadamente. Podemos incluir logos institucionales, puedes cotizar via mail por cambio de colores, el mismo dise\u00f1o en modelo hotpants y compras mayoristas. .<\/p>\n","protected":false},"featured_media":7827,"template":"","meta":[],"product_cat":[19,91],"product_tag":[454,406,445,362,367,414,443,359,423,368],"_links":{"self":[{"href":"https:\/\/www.pelz.cl\/sitio\/wp-json\/wp\/v2\/product\/3546"}],"collection":[{"href":"https:\/\/www.pelz.cl\/sitio\/wp-json\/wp\/v2\/product"}],"about":[{"href":"https:\/\/www.pelz.cl\/sitio\/wp-json\/wp\/v2\/types\/product"}],"wp:featuredmedia":[{"embeddable":true,"href":"https:\/\/www.pelz.cl\/sitio\/wp-json\/wp\/v2\/media\/7827"}],"wp:attachment":[{"href":"https:\/\/www.pelz.cl\/sitio\/wp-json\/wp\/v2\/media?parent=3546"}],"wp:term":[{"taxonomy":"product_cat","embeddable":true,"href":"https:\/\/www.pelz.cl\/sitio\/wp-json\/wp\/v2\/product_cat?post=3546"},{"taxonomy":"product_tag","embeddable":true,"href":"https:\/\/www.pelz.cl\/sitio\/wp-json\/wp\/v2\/product_tag?post=3546"}],"curies":[{"name":"wp","href":"https:\/\/api.w.org\/{rel}","templated":true}]}}