{"id":3563,"date":"2018-04-03T20:01:39","date_gmt":"2018-04-03T20:01:39","guid":{"rendered":"http:\/\/www.pelz.cl\/sitio\/?post_type=product&#038;p=3563"},"modified":"2018-04-03T20:54:04","modified_gmt":"2018-04-03T20:54:04","slug":"chaqueta-2","status":"publish","type":"product","link":"https:\/\/www.pelz.cl\/sitio\/producto\/chaqueta-2\/","title":{"rendered":"Chaqueta"},"content":{"rendered":"<p>Chaqueta deportiva combinada en color blanco, verde y azul<br \/>\nTela: Suplex<br \/>\nComposici\u00f3n: 100% Polyester.<br \/>\nNota: Tiempo estimado de entrega 15 d\u00edas h\u00e1biles aproximadamente.<\/p>\n","protected":false},"excerpt":{"rendered":"<p>Chaqueta deportiva combinada en color blanco, verde y azul Tela: Suplex Composici\u00f3n: 100% Polyester. Nota: Tiempo estimado de entrega 15 d\u00edas h\u00e1biles aproximadamente.<\/p>\n","protected":false},"featured_media":3570,"template":"","meta":[],"product_cat":[98],"product_tag":[],"_links":{"self":[{"href":"https:\/\/www.pelz.cl\/sitio\/wp-json\/wp\/v2\/product\/3563"}],"collection":[{"href":"https:\/\/www.pelz.cl\/sitio\/wp-json\/wp\/v2\/product"}],"about":[{"href":"https:\/\/www.pelz.cl\/sitio\/wp-json\/wp\/v2\/types\/product"}],"wp:featuredmedia":[{"embeddable":true,"href":"https:\/\/www.pelz.cl\/sitio\/wp-json\/wp\/v2\/media\/3570"}],"wp:attachment":[{"href":"https:\/\/www.pelz.cl\/sitio\/wp-json\/wp\/v2\/media?parent=3563"}],"wp:term":[{"taxonomy":"product_cat","embeddable":true,"href":"https:\/\/www.pelz.cl\/sitio\/wp-json\/wp\/v2\/product_cat?post=3563"},{"taxonomy":"product_tag","embeddable":true,"href":"https:\/\/www.pelz.cl\/sitio\/wp-json\/wp\/v2\/product_tag?post=3563"}],"curies":[{"name":"wp","href":"https:\/\/api.w.org\/{rel}","templated":true}]}}