{"id":5304,"date":"2019-04-16T23:08:10","date_gmt":"2019-04-16T23:08:10","guid":{"rendered":"http:\/\/www.pelz.cl\/sitio\/?post_type=product&#038;p=5304"},"modified":"2025-12-11T17:07:20","modified_gmt":"2025-12-11T17:07:20","slug":"malla-de-entrenamiento","status":"publish","type":"product","link":"https:\/\/www.pelz.cl\/sitio\/producto\/malla-de-entrenamiento\/","title":{"rendered":"Malla de entrenamiento"},"content":{"rendered":"<ul>\n<li>Malla sin manga ,\u00a0 cuello en V , a 3 colores , con malla roja .<\/li>\n<li>Tela: lycra mystique y malla roja .<\/li>\n<li>Composici\u00f3n: 80% nylon , 20% spandex .<\/li>\n<li>Colet negro o rojo .<\/li>\n<li>Nota: Tiempo estimado de entrega 15 d\u00edas h\u00e1biles aproximadamente.<\/li>\n<\/ul>\n","protected":false},"excerpt":{"rendered":"<p>Malla sin manga ,\u00a0 cuello en V , a 3 colores , con malla roja . Tela: lycra mystique y malla roja . Composici\u00f3n: 80% nylon , 20% spandex . Colet negro o rojo . Nota: Tiempo estimado de entrega 15 d\u00edas h\u00e1biles aproximadamente.<\/p>\n","protected":false},"featured_media":5691,"template":"","meta":[],"product_cat":[19,92,185],"product_tag":[],"_links":{"self":[{"href":"https:\/\/www.pelz.cl\/sitio\/wp-json\/wp\/v2\/product\/5304"}],"collection":[{"href":"https:\/\/www.pelz.cl\/sitio\/wp-json\/wp\/v2\/product"}],"about":[{"href":"https:\/\/www.pelz.cl\/sitio\/wp-json\/wp\/v2\/types\/product"}],"wp:featuredmedia":[{"embeddable":true,"href":"https:\/\/www.pelz.cl\/sitio\/wp-json\/wp\/v2\/media\/5691"}],"wp:attachment":[{"href":"https:\/\/www.pelz.cl\/sitio\/wp-json\/wp\/v2\/media?parent=5304"}],"wp:term":[{"taxonomy":"product_cat","embeddable":true,"href":"https:\/\/www.pelz.cl\/sitio\/wp-json\/wp\/v2\/product_cat?post=5304"},{"taxonomy":"product_tag","embeddable":true,"href":"https:\/\/www.pelz.cl\/sitio\/wp-json\/wp\/v2\/product_tag?post=5304"}],"curies":[{"name":"wp","href":"https:\/\/api.w.org\/{rel}","templated":true}]}}