{"id":6174,"date":"2020-03-26T16:37:53","date_gmt":"2020-03-26T16:37:53","guid":{"rendered":"http:\/\/www.pelz.cl\/sitio\/?post_type=product&#038;p=6174"},"modified":"2026-04-15T21:19:51","modified_gmt":"2026-04-15T21:19:51","slug":"malla-gimnasia-ritmica-club-aleman-de-la-serena-collet","status":"publish","type":"product","link":"https:\/\/www.pelz.cl\/sitio\/producto\/malla-gimnasia-ritmica-club-aleman-de-la-serena-collet\/","title":{"rendered":"Malla Gimnasia R\u00edtmica Club Alem\u00e1n De La Serena + Collet"},"content":{"rendered":"<ul>\n<li>Malla para gimnasia r\u00edtmica con fald\u00f3n, sublimada con 400 cristales mas un collet con cristales.<\/li>\n<li>Tela: lycra mystique y malla con lycra<\/li>\n<li>Composici\u00f3n: 80% poli\u00e9ster, 20% elastano.<\/li>\n<li>Nota: Tiempo estimado de entrega 15 d\u00edas h\u00e1biles aproximadamente.Preguntas al WhatsApp +56 2 22041860Pago con Transferencia bancaria: Banco de ChileCuenta corriente 160-51577-07Maria Pelz \/ Rut: 8.725.789-4<\/li>\n<\/ul>\n","protected":false},"excerpt":{"rendered":"<p>Malla para gimnasia r\u00edtmica con fald\u00f3n, sublimada con 400 cristales mas un collet con cristales. Tela: lycra mystique y malla con lycra Composici\u00f3n: 80% poli\u00e9ster, 20% elastano. Nota: Tiempo estimado de entrega 15 d\u00edas h\u00e1biles aproximadamente.Preguntas al WhatsApp +56 2 22041860Pago con Transferencia bancaria: Banco de ChileCuenta corriente 160-51577-07Maria Pelz \/ Rut: 8.725.789-4<\/p>\n","protected":false},"featured_media":6581,"template":"","meta":[],"product_cat":[19,87],"product_tag":[],"_links":{"self":[{"href":"https:\/\/www.pelz.cl\/sitio\/wp-json\/wp\/v2\/product\/6174"}],"collection":[{"href":"https:\/\/www.pelz.cl\/sitio\/wp-json\/wp\/v2\/product"}],"about":[{"href":"https:\/\/www.pelz.cl\/sitio\/wp-json\/wp\/v2\/types\/product"}],"wp:featuredmedia":[{"embeddable":true,"href":"https:\/\/www.pelz.cl\/sitio\/wp-json\/wp\/v2\/media\/6581"}],"wp:attachment":[{"href":"https:\/\/www.pelz.cl\/sitio\/wp-json\/wp\/v2\/media?parent=6174"}],"wp:term":[{"taxonomy":"product_cat","embeddable":true,"href":"https:\/\/www.pelz.cl\/sitio\/wp-json\/wp\/v2\/product_cat?post=6174"},{"taxonomy":"product_tag","embeddable":true,"href":"https:\/\/www.pelz.cl\/sitio\/wp-json\/wp\/v2\/product_tag?post=6174"}],"curies":[{"name":"wp","href":"https:\/\/api.w.org\/{rel}","templated":true}]}}