{"id":639,"date":"2017-08-21T15:12:24","date_gmt":"2017-08-21T15:12:24","guid":{"rendered":"http:\/\/www.pelz.cl\/sitio\/?post_type=product&#038;p=639"},"modified":"2026-03-03T01:01:50","modified_gmt":"2026-03-03T01:01:50","slug":"poleron-blanco-azul","status":"publish","type":"product","link":"https:\/\/www.pelz.cl\/sitio\/producto\/poleron-blanco-azul\/","title":{"rendered":"POLERON BLANCO AZUL"},"content":{"rendered":"<ul>\n<li>Poleron deportivo, estampado y bordado.<\/li>\n<li>Tela: franela poli\u00e9ster.<\/li>\n<li>Composici\u00f3n: 50% algod\u00f3n, 50% poli\u00e9ster.<\/li>\n<\/ul>\n","protected":false},"excerpt":{"rendered":"<p>Este producto podr\u00eda tener una demora de hasta 15 dias h\u00e1biles en su despacho<\/p>\n","protected":false},"featured_media":788,"template":"","meta":[],"product_cat":[21,98],"product_tag":[],"_links":{"self":[{"href":"https:\/\/www.pelz.cl\/sitio\/wp-json\/wp\/v2\/product\/639"}],"collection":[{"href":"https:\/\/www.pelz.cl\/sitio\/wp-json\/wp\/v2\/product"}],"about":[{"href":"https:\/\/www.pelz.cl\/sitio\/wp-json\/wp\/v2\/types\/product"}],"wp:featuredmedia":[{"embeddable":true,"href":"https:\/\/www.pelz.cl\/sitio\/wp-json\/wp\/v2\/media\/788"}],"wp:attachment":[{"href":"https:\/\/www.pelz.cl\/sitio\/wp-json\/wp\/v2\/media?parent=639"}],"wp:term":[{"taxonomy":"product_cat","embeddable":true,"href":"https:\/\/www.pelz.cl\/sitio\/wp-json\/wp\/v2\/product_cat?post=639"},{"taxonomy":"product_tag","embeddable":true,"href":"https:\/\/www.pelz.cl\/sitio\/wp-json\/wp\/v2\/product_tag?post=639"}],"curies":[{"name":"wp","href":"https:\/\/api.w.org\/{rel}","templated":true}]}}