{"id":666,"date":"2017-08-21T15:21:05","date_gmt":"2017-08-21T15:21:05","guid":{"rendered":"http:\/\/www.pelz.cl\/sitio\/?post_type=product&#038;p=666"},"modified":"2026-03-19T21:06:14","modified_gmt":"2026-03-19T21:06:14","slug":"stm-chaqueta-con-cuello-azul-marino-y-cierre","status":"publish","type":"product","link":"https:\/\/www.pelz.cl\/sitio\/producto\/stm-chaqueta-con-cuello-azul-marino-y-cierre\/","title":{"rendered":"STM CHAQUETA CON CUELLO AZUL MARINO Y CIERRE"},"content":{"rendered":"<ul>\n<li>Chaqueta azul marino, con cierre y cuello.<\/li>\n<li>Insignia bordada.<\/li>\n<li>Tela: franela polycotton.<\/li>\n<li>Composici\u00f3n: 50% algod\u00f3n, 50% polyester.<\/li>\n<li>Lavar con agua fr\u00eda y detergente suave.<\/li>\n<\/ul>\n","protected":false},"excerpt":{"rendered":"<p>Este producto podr\u00eda tener una demora de hasta 15 d\u00edas h\u00e1biles.<\/p>\n","protected":false},"featured_media":7774,"template":"","meta":[],"product_cat":[21,98],"product_tag":[],"_links":{"self":[{"href":"https:\/\/www.pelz.cl\/sitio\/wp-json\/wp\/v2\/product\/666"}],"collection":[{"href":"https:\/\/www.pelz.cl\/sitio\/wp-json\/wp\/v2\/product"}],"about":[{"href":"https:\/\/www.pelz.cl\/sitio\/wp-json\/wp\/v2\/types\/product"}],"wp:featuredmedia":[{"embeddable":true,"href":"https:\/\/www.pelz.cl\/sitio\/wp-json\/wp\/v2\/media\/7774"}],"wp:attachment":[{"href":"https:\/\/www.pelz.cl\/sitio\/wp-json\/wp\/v2\/media?parent=666"}],"wp:term":[{"taxonomy":"product_cat","embeddable":true,"href":"https:\/\/www.pelz.cl\/sitio\/wp-json\/wp\/v2\/product_cat?post=666"},{"taxonomy":"product_tag","embeddable":true,"href":"https:\/\/www.pelz.cl\/sitio\/wp-json\/wp\/v2\/product_tag?post=666"}],"curies":[{"name":"wp","href":"https:\/\/api.w.org\/{rel}","templated":true}]}}