{"id":740,"date":"2017-08-21T16:08:18","date_gmt":"2017-08-21T16:08:18","guid":{"rendered":"http:\/\/www.pelz.cl\/sitio\/?post_type=product&#038;p=740"},"modified":"2026-04-15T22:12:26","modified_gmt":"2026-04-15T22:12:26","slug":"stm-polera-pique-manga-corta","status":"publish","type":"product","link":"https:\/\/www.pelz.cl\/sitio\/producto\/stm-polera-pique-manga-corta\/","title":{"rendered":"STM POLERA PIQUE MANGA CORTA"},"content":{"rendered":"<ul>\n<li>Polera manga corta, con cuello y bordado oficial, para uniforme formal del colegio.<\/li>\n<li>Tela: pique polycotton.<\/li>\n<li>Composici\u00f3n: 50% algod\u00f3n, 50% poli\u00e9ster.<\/li>\n<li>Puede ser que no se encuentre en stock al momento de hacer la compra.<\/li>\n<li>Puede tener un tiempo de entrega de 15 dias.<\/li>\n<li>Consultas al Whatsapp + 569 96767651.<\/li>\n<\/ul>\n","protected":false},"excerpt":{"rendered":"<p>Este producto podr\u00eda tener una demora de hasta 15 d\u00edas h\u00e1biles.<\/p>\n","protected":false},"featured_media":800,"template":"","meta":[],"product_cat":[21,98],"product_tag":[589,588,577,576],"_links":{"self":[{"href":"https:\/\/www.pelz.cl\/sitio\/wp-json\/wp\/v2\/product\/740"}],"collection":[{"href":"https:\/\/www.pelz.cl\/sitio\/wp-json\/wp\/v2\/product"}],"about":[{"href":"https:\/\/www.pelz.cl\/sitio\/wp-json\/wp\/v2\/types\/product"}],"wp:featuredmedia":[{"embeddable":true,"href":"https:\/\/www.pelz.cl\/sitio\/wp-json\/wp\/v2\/media\/800"}],"wp:attachment":[{"href":"https:\/\/www.pelz.cl\/sitio\/wp-json\/wp\/v2\/media?parent=740"}],"wp:term":[{"taxonomy":"product_cat","embeddable":true,"href":"https:\/\/www.pelz.cl\/sitio\/wp-json\/wp\/v2\/product_cat?post=740"},{"taxonomy":"product_tag","embeddable":true,"href":"https:\/\/www.pelz.cl\/sitio\/wp-json\/wp\/v2\/product_tag?post=740"}],"curies":[{"name":"wp","href":"https:\/\/api.w.org\/{rel}","templated":true}]}}