{"id":7745,"date":"2023-03-09T22:23:00","date_gmt":"2023-03-09T22:23:00","guid":{"rendered":"https:\/\/www.pelz.cl\/sitio\/?post_type=product&#038;p=7745"},"modified":"2026-03-19T21:11:01","modified_gmt":"2026-03-19T21:11:01","slug":"stm-poleron-con-gorro-azul-marino","status":"publish","type":"product","link":"https:\/\/www.pelz.cl\/sitio\/producto\/stm-poleron-con-gorro-azul-marino\/","title":{"rendered":"STM POLERON CON GORRO AZUL MARINO"},"content":{"rendered":"<ul>\n<li>Chaqueta franela unisex, con capuchon y pu\u00f1os gruesos e insignia del colegio.<\/li>\n<li>Composici\u00f3n tela 60 % poliester \/ 40 % algodon.<\/li>\n<li>con insignia del colegio bordada.<\/li>\n<\/ul>\n","protected":false},"excerpt":{"rendered":"<p>Este producto podr\u00eda tener una demora de hasta 15 d\u00edas h\u00e1biles.<\/p>\n","protected":false},"featured_media":7775,"template":"","meta":[],"product_cat":[21,98],"product_tag":[],"_links":{"self":[{"href":"https:\/\/www.pelz.cl\/sitio\/wp-json\/wp\/v2\/product\/7745"}],"collection":[{"href":"https:\/\/www.pelz.cl\/sitio\/wp-json\/wp\/v2\/product"}],"about":[{"href":"https:\/\/www.pelz.cl\/sitio\/wp-json\/wp\/v2\/types\/product"}],"wp:featuredmedia":[{"embeddable":true,"href":"https:\/\/www.pelz.cl\/sitio\/wp-json\/wp\/v2\/media\/7775"}],"wp:attachment":[{"href":"https:\/\/www.pelz.cl\/sitio\/wp-json\/wp\/v2\/media?parent=7745"}],"wp:term":[{"taxonomy":"product_cat","embeddable":true,"href":"https:\/\/www.pelz.cl\/sitio\/wp-json\/wp\/v2\/product_cat?post=7745"},{"taxonomy":"product_tag","embeddable":true,"href":"https:\/\/www.pelz.cl\/sitio\/wp-json\/wp\/v2\/product_tag?post=7745"}],"curies":[{"name":"wp","href":"https:\/\/api.w.org\/{rel}","templated":true}]}}