{"id":8067,"date":"2023-04-18T15:18:14","date_gmt":"2023-04-18T15:18:14","guid":{"rendered":"https:\/\/www.pelz.cl\/sitio\/?post_type=product&#038;p=8067"},"modified":"2023-04-20T19:14:19","modified_gmt":"2023-04-20T19:14:19","slug":"malla-hombre-803-negro-2","status":"publish","type":"product","link":"https:\/\/www.pelz.cl\/sitio\/producto\/malla-hombre-803-negro-2\/","title":{"rendered":"MALLA HOMBRE 803 NEGRO"},"content":{"rendered":"<p>Malla deportiva sublimada<br \/>\nTela: lycra.<br \/>\nComposici\u00f3n: 70% poli\u00e9ster nuevo, 10% poliester reciclado , 20% elastano.<\/p>\n<p>Nota: Tiempo estimado de entrega es de 15 d\u00edas h\u00e1biles aproximadamente.<\/p>\n<p>Podemos incluir logos institucionales, puedes cotizar via mail por cambio de colores, el mismo dise\u00f1o en modelo hotpants y compras mayoristas.<\/p>\n","protected":false},"excerpt":{"rendered":"<p>Malla deportiva sublimada Tela: lycra. Composici\u00f3n: 70% poli\u00e9ster nuevo, 10% poliester reciclado , 20% elastano. Nota: Tiempo estimado de entrega es de 15 d\u00edas h\u00e1biles aproximadamente. Podemos incluir logos institucionales, puedes cotizar via mail por cambio de colores, el mismo dise\u00f1o en modelo hotpants y compras mayoristas.<\/p>\n","protected":false},"featured_media":7800,"template":"","meta":[],"product_cat":[19,91],"product_tag":[414,528,529,359,531,533,532,530],"_links":{"self":[{"href":"https:\/\/www.pelz.cl\/sitio\/wp-json\/wp\/v2\/product\/8067"}],"collection":[{"href":"https:\/\/www.pelz.cl\/sitio\/wp-json\/wp\/v2\/product"}],"about":[{"href":"https:\/\/www.pelz.cl\/sitio\/wp-json\/wp\/v2\/types\/product"}],"wp:featuredmedia":[{"embeddable":true,"href":"https:\/\/www.pelz.cl\/sitio\/wp-json\/wp\/v2\/media\/7800"}],"wp:attachment":[{"href":"https:\/\/www.pelz.cl\/sitio\/wp-json\/wp\/v2\/media?parent=8067"}],"wp:term":[{"taxonomy":"product_cat","embeddable":true,"href":"https:\/\/www.pelz.cl\/sitio\/wp-json\/wp\/v2\/product_cat?post=8067"},{"taxonomy":"product_tag","embeddable":true,"href":"https:\/\/www.pelz.cl\/sitio\/wp-json\/wp\/v2\/product_tag?post=8067"}],"curies":[{"name":"wp","href":"https:\/\/api.w.org\/{rel}","templated":true}]}}