{"id":8090,"date":"2023-04-18T16:17:17","date_gmt":"2023-04-18T16:17:17","guid":{"rendered":"https:\/\/www.pelz.cl\/sitio\/?post_type=product&#038;p=8090"},"modified":"2026-02-16T02:51:50","modified_gmt":"2026-02-16T02:51:50","slug":"malla-hombre-club-club-olimpo-de-los-rios","status":"publish","type":"product","link":"https:\/\/www.pelz.cl\/sitio\/producto\/malla-hombre-club-club-olimpo-de-los-rios\/","title":{"rendered":"MALLA HOMBRE CLUB OLIMPO DE LOS RIOS"},"content":{"rendered":"<p>Malla tipo body sublimada.<br \/>\nTela: lycra.<br \/>\nComposici\u00f3n: 70% poli\u00e9ster nuevo, 10% poliester reciclado , 20% elastano.<\/p>\n<p>Nota: Tiempo estimado de entrega es de 15 d\u00edas h\u00e1biles aproximadamente. Mas el tiempo de env\u00edo.<\/p>\n<p>Las indicaciones de cuidado y mimado de las mallas estan el el inicio de \u00e9sta p\u00e1gina web.<\/p>\n","protected":false},"excerpt":{"rendered":"<p>Esta malla se demora aproximadamente 15 d\u00edas h\u00e1biles en estar lista para ser despachada.<\/p>\n","protected":false},"featured_media":7882,"template":"","meta":[],"product_cat":[518,19,91],"product_tag":[414,528,529,359,531,533,532,530],"_links":{"self":[{"href":"https:\/\/www.pelz.cl\/sitio\/wp-json\/wp\/v2\/product\/8090"}],"collection":[{"href":"https:\/\/www.pelz.cl\/sitio\/wp-json\/wp\/v2\/product"}],"about":[{"href":"https:\/\/www.pelz.cl\/sitio\/wp-json\/wp\/v2\/types\/product"}],"wp:featuredmedia":[{"embeddable":true,"href":"https:\/\/www.pelz.cl\/sitio\/wp-json\/wp\/v2\/media\/7882"}],"wp:attachment":[{"href":"https:\/\/www.pelz.cl\/sitio\/wp-json\/wp\/v2\/media?parent=8090"}],"wp:term":[{"taxonomy":"product_cat","embeddable":true,"href":"https:\/\/www.pelz.cl\/sitio\/wp-json\/wp\/v2\/product_cat?post=8090"},{"taxonomy":"product_tag","embeddable":true,"href":"https:\/\/www.pelz.cl\/sitio\/wp-json\/wp\/v2\/product_tag?post=8090"}],"curies":[{"name":"wp","href":"https:\/\/api.w.org\/{rel}","templated":true}]}}