{"id":8160,"date":"2023-05-03T18:57:59","date_gmt":"2023-05-03T18:57:59","guid":{"rendered":"https:\/\/www.pelz.cl\/sitio\/?post_type=product&#038;p=8160"},"modified":"2026-02-16T02:35:56","modified_gmt":"2026-02-16T02:35:56","slug":"callera","status":"publish","type":"product","link":"https:\/\/www.pelz.cl\/sitio\/producto\/callera\/","title":{"rendered":"CALLERA"},"content":{"rendered":"<p>Protecci\u00f3n durante el entrenamiento \u2013 protege contra desgarramientos en la superficie de la mano.<\/p>\n<p>Indispensable para el uso en Calistenia, Crossfit, Freeletics, Levantamiento de pesas y Gimnasia.<\/p>\n<p>Material: Cuero resistente en la palma de la mano y correa firme para dar soporte y mejor fijaci\u00f3n a la mu\u00f1eca. Posee una correa duradera para su uso ya sea en el interior o al aire libre.<\/p>\n<p>ESTE MODELO A DIFERENCIA DE TODOS LOS OTROS MODELOS QUE VENDEMOS, TIENE QUE QUEDAR M\u00c1S CORTO QUE EL TAMA\u00d1O DE LA MANO.<br \/>\nPOR QU\u00c9? PORQUE AL HACER LOS GIROS SOBRE LA BARRA EN GIMNASIA ART\u00cdSTICA, SI LAS CALLERAS SON LARGAS, PUEDE QUE SE ENROLLE EN LA BARRA Y SE LASTIME LA MU\u00d1ECA<\/p>\n","protected":false},"excerpt":{"rendered":"<p>Protecci\u00f3n durante el entrenamiento \u2013 protege contra desgarramientos en la superficie de la mano. Indispensable para el uso en Calistenia, Crossfit, Freeletics, Levantamiento de pesas y Gimnasia. Material: Cuero resistente en la palma de la mano y correa firme para dar soporte y mejor fijaci\u00f3n a la mu\u00f1eca. Posee una correa duradera para su uso [&hellip;]\n","protected":false},"featured_media":8146,"template":"","meta":[],"product_cat":[19,91],"product_tag":[],"_links":{"self":[{"href":"https:\/\/www.pelz.cl\/sitio\/wp-json\/wp\/v2\/product\/8160"}],"collection":[{"href":"https:\/\/www.pelz.cl\/sitio\/wp-json\/wp\/v2\/product"}],"about":[{"href":"https:\/\/www.pelz.cl\/sitio\/wp-json\/wp\/v2\/types\/product"}],"wp:featuredmedia":[{"embeddable":true,"href":"https:\/\/www.pelz.cl\/sitio\/wp-json\/wp\/v2\/media\/8146"}],"wp:attachment":[{"href":"https:\/\/www.pelz.cl\/sitio\/wp-json\/wp\/v2\/media?parent=8160"}],"wp:term":[{"taxonomy":"product_cat","embeddable":true,"href":"https:\/\/www.pelz.cl\/sitio\/wp-json\/wp\/v2\/product_cat?post=8160"},{"taxonomy":"product_tag","embeddable":true,"href":"https:\/\/www.pelz.cl\/sitio\/wp-json\/wp\/v2\/product_tag?post=8160"}],"curies":[{"name":"wp","href":"https:\/\/api.w.org\/{rel}","templated":true}]}}