{"id":8333,"date":"2023-06-13T18:55:02","date_gmt":"2023-06-13T18:55:02","guid":{"rendered":"https:\/\/www.pelz.cl\/sitio\/?post_type=product&#038;p=8333"},"modified":"2026-02-16T00:46:42","modified_gmt":"2026-02-16T00:46:42","slug":"short-gimnasia-hombre-blanco","status":"publish","type":"product","link":"https:\/\/www.pelz.cl\/sitio\/producto\/short-gimnasia-hombre-blanco\/","title":{"rendered":"Short gimnasia hombre blanco"},"content":{"rendered":"<ul>\n<li>Short de lycra para gimnasia art\u00edstica de var\u00f3n.<\/li>\n<li>Tela: lycra.<\/li>\n<li>Composici\u00f3n: 80% poli\u00e9ster, 20% elastano.<\/li>\n<li>Se puede mandar a hacer en otro color personalizado.<\/li>\n<\/ul>\n","protected":false},"excerpt":{"rendered":"<p>Short de lycra para gimnasia art\u00edstica de var\u00f3n. Tela: lycra. Composici\u00f3n: 80% poli\u00e9ster, 20% elastano. Se puede mandar a hacer en otro color personalizado.<\/p>\n","protected":false},"featured_media":8267,"template":"","meta":[],"product_cat":[19,91],"product_tag":[406,445,362,378,448],"_links":{"self":[{"href":"https:\/\/www.pelz.cl\/sitio\/wp-json\/wp\/v2\/product\/8333"}],"collection":[{"href":"https:\/\/www.pelz.cl\/sitio\/wp-json\/wp\/v2\/product"}],"about":[{"href":"https:\/\/www.pelz.cl\/sitio\/wp-json\/wp\/v2\/types\/product"}],"wp:featuredmedia":[{"embeddable":true,"href":"https:\/\/www.pelz.cl\/sitio\/wp-json\/wp\/v2\/media\/8267"}],"wp:attachment":[{"href":"https:\/\/www.pelz.cl\/sitio\/wp-json\/wp\/v2\/media?parent=8333"}],"wp:term":[{"taxonomy":"product_cat","embeddable":true,"href":"https:\/\/www.pelz.cl\/sitio\/wp-json\/wp\/v2\/product_cat?post=8333"},{"taxonomy":"product_tag","embeddable":true,"href":"https:\/\/www.pelz.cl\/sitio\/wp-json\/wp\/v2\/product_tag?post=8333"}],"curies":[{"name":"wp","href":"https:\/\/api.w.org\/{rel}","templated":true}]}}