{"id":839,"date":"2017-08-21T19:06:20","date_gmt":"2017-08-21T19:06:20","guid":{"rendered":"http:\/\/www.pelz.cl\/sitio\/?post_type=product&#038;p=839"},"modified":"2026-02-15T22:36:32","modified_gmt":"2026-02-15T22:36:32","slug":"chaqueta-hombre","status":"publish","type":"product","link":"https:\/\/www.pelz.cl\/sitio\/producto\/chaqueta-hombre\/","title":{"rendered":"Chaqueta con cierre"},"content":{"rendered":"<ul>\n<li>Chaqueta con cierre y gorro color azul marino.<\/li>\n<li>Tela: franela polycotton.<\/li>\n<li>Composici\u00f3n: 70% algod\u00f3n, 30% poli\u00e9ster.<\/li>\n<\/ul>\n","protected":false},"excerpt":{"rendered":"<p>Chaqueta con cierre y gorro color azul marino. Tela: franela polycotton. Composici\u00f3n: 70% algod\u00f3n, 30% poli\u00e9ster.<\/p>\n","protected":false},"featured_media":841,"template":"","meta":[],"product_cat":[21],"product_tag":[],"_links":{"self":[{"href":"https:\/\/www.pelz.cl\/sitio\/wp-json\/wp\/v2\/product\/839"}],"collection":[{"href":"https:\/\/www.pelz.cl\/sitio\/wp-json\/wp\/v2\/product"}],"about":[{"href":"https:\/\/www.pelz.cl\/sitio\/wp-json\/wp\/v2\/types\/product"}],"wp:featuredmedia":[{"embeddable":true,"href":"https:\/\/www.pelz.cl\/sitio\/wp-json\/wp\/v2\/media\/841"}],"wp:attachment":[{"href":"https:\/\/www.pelz.cl\/sitio\/wp-json\/wp\/v2\/media?parent=839"}],"wp:term":[{"taxonomy":"product_cat","embeddable":true,"href":"https:\/\/www.pelz.cl\/sitio\/wp-json\/wp\/v2\/product_cat?post=839"},{"taxonomy":"product_tag","embeddable":true,"href":"https:\/\/www.pelz.cl\/sitio\/wp-json\/wp\/v2\/product_tag?post=839"}],"curies":[{"name":"wp","href":"https:\/\/api.w.org\/{rel}","templated":true}]}}