{"id":8425,"date":"2023-07-27T16:19:49","date_gmt":"2023-07-27T16:19:49","guid":{"rendered":"https:\/\/www.pelz.cl\/sitio\/?post_type=product&#038;p=8425"},"modified":"2025-11-13T20:12:00","modified_gmt":"2025-11-13T20:12:00","slug":"malla-club-luis-pichon","status":"publish","type":"product","link":"https:\/\/www.pelz.cl\/sitio\/producto\/malla-club-luis-pichon\/","title":{"rendered":"Malla club Luis Pichon                                                                                                                                                                                                                                                                                                                                                                                                                                                                                                                                                                                                                                                                                                                                                                                                                                                                                                                                                                                                                                                                                                                                                                                                                                                                                                                                                                                                                                                                                                                                                                                                                                                                                                                                                                                                                                                                                                                                                                                                                                                                                                                                                                                                                                                                                                                                                                                                                                                                                                                                                                                                                                                                                                                                                                                                                                                                                                                                                                                                                                                                                                                                                                                                                                                                                                                                                                                                                                                                                                                                                                                                                                                                                                                                                                                                                                                                                                                                                                                                                                                                                                                                                                                                                                                                                                                                                                                                                                                                                                                                                                                                                                                                                                                                                                                                                                                                                                                                                                                                                                                                                                                                                                                                                                                                                                                                                                                                                                                                                                                                                                                                                                                                                                                                                                                                                                                                                                                                                                                                                                                                                                                                                                                                                                                                                                                                                                                                                                                                                                                                         34<"},"content":{"rendered":"<p>-Malla competencia de Lycra sublimada semi opaca,sin cristales.<\/p>\n<p>-Polyester sublimable.<\/p>\n<p>-\u00c9sta malla se confecciona a pedido.<\/p>\n<p>-\u00cbsta malla tiene un tiempo de entrega de 15 dias h\u00e1biles.<\/p>\n<p>-Indicaciones de cuidado y mimado de las mallas en inicio de la pagina.<\/p>\n<p>&nbsp;<\/p>\n<p>&nbsp;<\/p>\n<p>&nbsp;<\/p>\n","protected":false},"excerpt":{"rendered":"<p>-Malla competencia de Lycra sublimada semi opaca,sin cristales. -Polyester sublimable. -\u00c9sta malla se confecciona a pedido. -\u00cbsta malla tiene un tiempo de entrega de 15 dias h\u00e1biles. -Indicaciones de cuidado y mimado de las mallas en inicio de la pagina. &nbsp; &nbsp; &nbsp;<\/p>\n","protected":false},"featured_media":8392,"template":"","meta":[],"product_cat":[19,92],"product_tag":[522,579,578],"_links":{"self":[{"href":"https:\/\/www.pelz.cl\/sitio\/wp-json\/wp\/v2\/product\/8425"}],"collection":[{"href":"https:\/\/www.pelz.cl\/sitio\/wp-json\/wp\/v2\/product"}],"about":[{"href":"https:\/\/www.pelz.cl\/sitio\/wp-json\/wp\/v2\/types\/product"}],"wp:featuredmedia":[{"embeddable":true,"href":"https:\/\/www.pelz.cl\/sitio\/wp-json\/wp\/v2\/media\/8392"}],"wp:attachment":[{"href":"https:\/\/www.pelz.cl\/sitio\/wp-json\/wp\/v2\/media?parent=8425"}],"wp:term":[{"taxonomy":"product_cat","embeddable":true,"href":"https:\/\/www.pelz.cl\/sitio\/wp-json\/wp\/v2\/product_cat?post=8425"},{"taxonomy":"product_tag","embeddable":true,"href":"https:\/\/www.pelz.cl\/sitio\/wp-json\/wp\/v2\/product_tag?post=8425"}],"curies":[{"name":"wp","href":"https:\/\/api.w.org\/{rel}","templated":true}]}}