{"id":8778,"date":"2024-01-05T21:45:24","date_gmt":"2024-01-05T21:45:24","guid":{"rendered":"https:\/\/www.pelz.cl\/sitio\/?post_type=product&#038;p=8778"},"modified":"2025-03-14T03:34:23","modified_gmt":"2025-03-14T03:34:23","slug":"malla-basica-para-clubes-con-faldon-fucsia-amarillo-en-degrade-con-dibujos-en-morado","status":"publish","type":"product","link":"https:\/\/www.pelz.cl\/sitio\/producto\/malla-basica-para-clubes-con-faldon-fucsia-amarillo-en-degrade-con-dibujos-en-morado\/","title":{"rendered":"Malla b\u00e1sica para clubes con fald\u00f3n  de fucsia a amarillo en degrade con dibujos en morado"},"content":{"rendered":"<p style=\"font-weight: 400;\">Mallas b\u00e1sicas para clubes con fald\u00f3n.<\/p>\n<p style=\"font-weight: 400;\">Lycra sublimada con excelente elasticidad y 300 cristales aproximadamente.<\/p>\n<ul style=\"font-weight: 400;\">\n<li>Tela: lycra mystique-lycra fantas\u00eda-mesh color nude.<\/li>\n<li>80% poli\u00e9ster, 20% elastano.<\/li>\n<li>\u00a0Cristales Mixtos<\/li>\n<\/ul>\n<p style=\"font-weight: 400;\">Pedidos: Tiempo de entrega es aprox. 15 d\u00edas\u00a0 h\u00e1biles.<\/p>\n<p style=\"font-weight: 400;\">\n","protected":false},"excerpt":{"rendered":"<p>Mallas b\u00e1sicas para clubes con fald\u00f3n. Lycra sublimada con excelente elasticidad y 300 cristales aproximadamente. Tela: lycra mystique-lycra fantas\u00eda-mesh color nude. 80% poli\u00e9ster, 20% elastano. \u00a0Cristales Mixtos Pedidos: Tiempo de entrega es aprox. 15 d\u00edas\u00a0 h\u00e1biles.<\/p>\n","protected":false},"featured_media":8786,"template":"","meta":[],"product_cat":[77,87,88],"product_tag":[362,359,423,417,368,438],"_links":{"self":[{"href":"https:\/\/www.pelz.cl\/sitio\/wp-json\/wp\/v2\/product\/8778"}],"collection":[{"href":"https:\/\/www.pelz.cl\/sitio\/wp-json\/wp\/v2\/product"}],"about":[{"href":"https:\/\/www.pelz.cl\/sitio\/wp-json\/wp\/v2\/types\/product"}],"wp:featuredmedia":[{"embeddable":true,"href":"https:\/\/www.pelz.cl\/sitio\/wp-json\/wp\/v2\/media\/8786"}],"wp:attachment":[{"href":"https:\/\/www.pelz.cl\/sitio\/wp-json\/wp\/v2\/media?parent=8778"}],"wp:term":[{"taxonomy":"product_cat","embeddable":true,"href":"https:\/\/www.pelz.cl\/sitio\/wp-json\/wp\/v2\/product_cat?post=8778"},{"taxonomy":"product_tag","embeddable":true,"href":"https:\/\/www.pelz.cl\/sitio\/wp-json\/wp\/v2\/product_tag?post=8778"}],"curies":[{"name":"wp","href":"https:\/\/api.w.org\/{rel}","templated":true}]}}