{"id":8788,"date":"2024-01-06T13:06:09","date_gmt":"2024-01-06T13:06:09","guid":{"rendered":"https:\/\/www.pelz.cl\/sitio\/?post_type=product&#038;p=8788"},"modified":"2025-03-14T03:34:56","modified_gmt":"2025-03-14T03:34:56","slug":"malla-basica-para-clubes-con-faldon-de-verde-a-fucsia-con-dibujos-en-negro","status":"publish","type":"product","link":"https:\/\/www.pelz.cl\/sitio\/producto\/malla-basica-para-clubes-con-faldon-de-verde-a-fucsia-con-dibujos-en-negro\/","title":{"rendered":"Malla b\u00e1sica para clubes con fald\u00f3n  de verde a fucsia  con dibujos en negro"},"content":{"rendered":"<p style=\"font-weight: 400;\">Mallas b\u00e1sicas para clubes con fald\u00f3n.<\/p>\n<p style=\"font-weight: 400;\">Lycra sublimada con excelente elasticidad y 300 cristales aproximadamente.<\/p>\n<ul>\n<li style=\"font-weight: 400;\">Tela: lycra mystique-lycra fantas\u00eda-mesh color nude.<\/li>\n<li style=\"font-weight: 400;\">80% poli\u00e9ster, 20% elastano.<\/li>\n<li style=\"font-weight: 400;\">\u00a0Cristales Mixtos<\/li>\n<\/ul>\n<p>Pedidos: Tiempo de entrega es aprox. 15 d\u00edas\u00a0 habiles.<\/p>\n<p>&nbsp;<\/p>\n","protected":false},"excerpt":{"rendered":"<p>Mallas b\u00e1sicas para clubes con fald\u00f3n. Lycra sublimada con excelente elasticidad y 300 cristales aproximadamente. Tela: lycra mystique-lycra fantas\u00eda-mesh color nude. 80% poli\u00e9ster, 20% elastano. \u00a0Cristales Mixtos Pedidos: Tiempo de entrega es aprox. 15 d\u00edas\u00a0 habiles. &nbsp;<\/p>\n","protected":false},"featured_media":8796,"template":"","meta":[],"product_cat":[77,87,88],"product_tag":[362,359,423,417,368,438],"_links":{"self":[{"href":"https:\/\/www.pelz.cl\/sitio\/wp-json\/wp\/v2\/product\/8788"}],"collection":[{"href":"https:\/\/www.pelz.cl\/sitio\/wp-json\/wp\/v2\/product"}],"about":[{"href":"https:\/\/www.pelz.cl\/sitio\/wp-json\/wp\/v2\/types\/product"}],"wp:featuredmedia":[{"embeddable":true,"href":"https:\/\/www.pelz.cl\/sitio\/wp-json\/wp\/v2\/media\/8796"}],"wp:attachment":[{"href":"https:\/\/www.pelz.cl\/sitio\/wp-json\/wp\/v2\/media?parent=8788"}],"wp:term":[{"taxonomy":"product_cat","embeddable":true,"href":"https:\/\/www.pelz.cl\/sitio\/wp-json\/wp\/v2\/product_cat?post=8788"},{"taxonomy":"product_tag","embeddable":true,"href":"https:\/\/www.pelz.cl\/sitio\/wp-json\/wp\/v2\/product_tag?post=8788"}],"curies":[{"name":"wp","href":"https:\/\/api.w.org\/{rel}","templated":true}]}}