{"id":900,"date":"2017-08-21T19:30:19","date_gmt":"2017-08-21T19:30:19","guid":{"rendered":"http:\/\/www.pelz.cl\/sitio\/?post_type=product&#038;p=900"},"modified":"2026-02-15T22:30:33","modified_gmt":"2026-02-15T22:30:33","slug":"polera-polo-manga-larga-2","status":"publish","type":"product","link":"https:\/\/www.pelz.cl\/sitio\/producto\/polera-polo-manga-larga-2\/","title":{"rendered":"Polera polo manga larga"},"content":{"rendered":"<ul>\n<li>Polera deportiva para educacion fisica, con logo colegio.<\/li>\n<li>Tela: jersey polycotton.<\/li>\n<li>Composici\u00f3n: 50% algod\u00f3n, 50% poli\u00e9ster.<\/li>\n<\/ul>\n","protected":false},"excerpt":{"rendered":"<p>Polera deportiva para educacion fisica, con logo colegio. Tela: jersey polycotton. Composici\u00f3n: 50% algod\u00f3n, 50% poli\u00e9ster.<\/p>\n","protected":false},"featured_media":913,"template":"","meta":[],"product_cat":[524],"product_tag":[],"_links":{"self":[{"href":"https:\/\/www.pelz.cl\/sitio\/wp-json\/wp\/v2\/product\/900"}],"collection":[{"href":"https:\/\/www.pelz.cl\/sitio\/wp-json\/wp\/v2\/product"}],"about":[{"href":"https:\/\/www.pelz.cl\/sitio\/wp-json\/wp\/v2\/types\/product"}],"wp:featuredmedia":[{"embeddable":true,"href":"https:\/\/www.pelz.cl\/sitio\/wp-json\/wp\/v2\/media\/913"}],"wp:attachment":[{"href":"https:\/\/www.pelz.cl\/sitio\/wp-json\/wp\/v2\/media?parent=900"}],"wp:term":[{"taxonomy":"product_cat","embeddable":true,"href":"https:\/\/www.pelz.cl\/sitio\/wp-json\/wp\/v2\/product_cat?post=900"},{"taxonomy":"product_tag","embeddable":true,"href":"https:\/\/www.pelz.cl\/sitio\/wp-json\/wp\/v2\/product_tag?post=900"}],"curies":[{"name":"wp","href":"https:\/\/api.w.org\/{rel}","templated":true}]}}