{"id":926,"date":"2017-08-21T19:41:32","date_gmt":"2017-08-21T19:41:32","guid":{"rendered":"http:\/\/www.pelz.cl\/sitio\/?post_type=product&#038;p=926"},"modified":"2026-02-15T22:18:23","modified_gmt":"2026-02-15T22:18:23","slug":"tas-polera-pique-manga-larga","status":"publish","type":"product","link":"https:\/\/www.pelz.cl\/sitio\/producto\/tas-polera-pique-manga-larga\/","title":{"rendered":"TAS Polera pique manga larga"},"content":{"rendered":"<ul>\n<li>Polera manga larga, para uniforme formal.<\/li>\n<li>Tela: pique polycotton.<\/li>\n<li>Composici\u00f3n: 50% algod\u00f3n, 50% poli\u00e9ster.<\/li>\n<\/ul>\n","protected":false},"excerpt":{"rendered":"<p>Polera manga larga, para uniforme formal. Tela: pique polycotton. Composici\u00f3n: 50% algod\u00f3n, 50% poli\u00e9ster.<\/p>\n","protected":false},"featured_media":927,"template":"","meta":[],"product_cat":[524],"product_tag":[],"_links":{"self":[{"href":"https:\/\/www.pelz.cl\/sitio\/wp-json\/wp\/v2\/product\/926"}],"collection":[{"href":"https:\/\/www.pelz.cl\/sitio\/wp-json\/wp\/v2\/product"}],"about":[{"href":"https:\/\/www.pelz.cl\/sitio\/wp-json\/wp\/v2\/types\/product"}],"wp:featuredmedia":[{"embeddable":true,"href":"https:\/\/www.pelz.cl\/sitio\/wp-json\/wp\/v2\/media\/927"}],"wp:attachment":[{"href":"https:\/\/www.pelz.cl\/sitio\/wp-json\/wp\/v2\/media?parent=926"}],"wp:term":[{"taxonomy":"product_cat","embeddable":true,"href":"https:\/\/www.pelz.cl\/sitio\/wp-json\/wp\/v2\/product_cat?post=926"},{"taxonomy":"product_tag","embeddable":true,"href":"https:\/\/www.pelz.cl\/sitio\/wp-json\/wp\/v2\/product_tag?post=926"}],"curies":[{"name":"wp","href":"https:\/\/api.w.org\/{rel}","templated":true}]}}