{"id":9777,"date":"2025-03-14T04:33:25","date_gmt":"2025-03-14T04:33:25","guid":{"rendered":"https:\/\/www.pelz.cl\/sitio\/?post_type=product&#038;p=9777"},"modified":"2025-10-20T01:32:00","modified_gmt":"2025-10-20T01:32:00","slug":"traje-de-bano-modelo-laguna","status":"publish","type":"product","link":"https:\/\/www.pelz.cl\/sitio\/producto\/traje-de-bano-modelo-laguna\/","title":{"rendered":"Traje de ba\u00f1o Modelo Laguna"},"content":{"rendered":"<ul style=\"font-weight: 400;\">\n<li>Traje de ba\u00f1o de una pieza con sost\u00e9n interior.<\/li>\n<li>Copas suves cosida al peto interior y de secado r\u00e1pido.<\/li>\n<li>Excelente ajuste en la cintura<\/li>\n<li>Tirantes firmes y dise\u00f1ados para que no se corran.<\/li>\n<li>Aplicaciones de flores semi transparentes<\/li>\n<li>Con cortes en diagonal para control de abdomen.<\/li>\n<\/ul>\n<p style=\"font-weight: 400;\">\n","protected":false},"excerpt":{"rendered":"<p>Traje de ba\u00f1o de una pieza con sost\u00e9n interior. Copas suves cosida al peto interior y de secado r\u00e1pido. Excelente ajuste en la cintura Tirantes firmes y dise\u00f1ados para que no se corran. Aplicaciones de flores semi transparentes Con cortes en diagonal para control de abdomen.<\/p>\n","protected":false},"featured_media":8841,"template":"","meta":[],"product_cat":[16,28,238],"product_tag":[542,549,550,551,553,547,545,552,544,541],"_links":{"self":[{"href":"https:\/\/www.pelz.cl\/sitio\/wp-json\/wp\/v2\/product\/9777"}],"collection":[{"href":"https:\/\/www.pelz.cl\/sitio\/wp-json\/wp\/v2\/product"}],"about":[{"href":"https:\/\/www.pelz.cl\/sitio\/wp-json\/wp\/v2\/types\/product"}],"wp:featuredmedia":[{"embeddable":true,"href":"https:\/\/www.pelz.cl\/sitio\/wp-json\/wp\/v2\/media\/8841"}],"wp:attachment":[{"href":"https:\/\/www.pelz.cl\/sitio\/wp-json\/wp\/v2\/media?parent=9777"}],"wp:term":[{"taxonomy":"product_cat","embeddable":true,"href":"https:\/\/www.pelz.cl\/sitio\/wp-json\/wp\/v2\/product_cat?post=9777"},{"taxonomy":"product_tag","embeddable":true,"href":"https:\/\/www.pelz.cl\/sitio\/wp-json\/wp\/v2\/product_tag?post=9777"}],"curies":[{"name":"wp","href":"https:\/\/api.w.org\/{rel}","templated":true}]}}