{"id":983,"date":"2017-08-22T18:06:58","date_gmt":"2017-08-22T18:06:58","guid":{"rendered":"http:\/\/www.pelz.cl\/sitio\/?post_type=product&#038;p=983"},"modified":"2026-04-25T01:26:17","modified_gmt":"2026-04-25T01:26:17","slug":"malla-colegio-aleman-de-santiago","status":"publish","type":"product","link":"https:\/\/www.pelz.cl\/sitio\/producto\/malla-colegio-aleman-de-santiago\/","title":{"rendered":"Malla colegio alem\u00e1n de Santiago"},"content":{"rendered":"<ul>\n<li>Malla manga larga bordada a 3 colores.<\/li>\n<li>Con cristales<\/li>\n<li>Tela:\u00a0 lycra mystique.<\/li>\n<li>Composici\u00f3n: 80% nylon, 20% spandex.<\/li>\n<li>Con cristales.<\/li>\n<li>Tiempo estimado de entrega 20 d\u00edas h\u00e1biles aproximadamente.<\/li>\n<li>Preguntas al WhatsApp +56 2 22041860.<\/li>\n<\/ul>\n","protected":false},"excerpt":{"rendered":"<p>Malla manga larga bordada a 3 colores. Con cristales Tela:\u00a0 lycra mystique. Composici\u00f3n: 80% nylon, 20% spandex. Con cristales. Tiempo estimado de entrega 20 d\u00edas h\u00e1biles aproximadamente. Preguntas al WhatsApp +56 2 22041860.<\/p>\n","protected":false},"featured_media":9339,"template":"","meta":[],"product_cat":[524,21,19,92,206],"product_tag":[],"_links":{"self":[{"href":"https:\/\/www.pelz.cl\/sitio\/wp-json\/wp\/v2\/product\/983"}],"collection":[{"href":"https:\/\/www.pelz.cl\/sitio\/wp-json\/wp\/v2\/product"}],"about":[{"href":"https:\/\/www.pelz.cl\/sitio\/wp-json\/wp\/v2\/types\/product"}],"wp:featuredmedia":[{"embeddable":true,"href":"https:\/\/www.pelz.cl\/sitio\/wp-json\/wp\/v2\/media\/9339"}],"wp:attachment":[{"href":"https:\/\/www.pelz.cl\/sitio\/wp-json\/wp\/v2\/media?parent=983"}],"wp:term":[{"taxonomy":"product_cat","embeddable":true,"href":"https:\/\/www.pelz.cl\/sitio\/wp-json\/wp\/v2\/product_cat?post=983"},{"taxonomy":"product_tag","embeddable":true,"href":"https:\/\/www.pelz.cl\/sitio\/wp-json\/wp\/v2\/product_tag?post=983"}],"curies":[{"name":"wp","href":"https:\/\/api.w.org\/{rel}","templated":true}]}}